{"id":1571,"date":"2025-01-01T20:19:23","date_gmt":"2025-01-01T19:19:23","guid":{"rendered":"https:\/\/golarion.sulkesligaen.no\/?page_id=1571"},"modified":"2025-01-28T16:22:04","modified_gmt":"2025-01-28T15:22:04","slug":"golarion","status":"publish","type":"page","link":"https:\/\/rollespill.sulkesligaen.no\/?page_id=1571","title":{"rendered":"Golarion"},"content":{"rendered":"<div class=\"root-eb-post-grid-thym5 wp-block-essential-blocks-post-grid\">\n    <div class=\"eb-parent-wrapper eb-parent-eb-post-grid-thym5 \">\n        <div class=\"eb-post-grid-thym5 style-1  eb-post-grid-wrapper\"\n            data-id=\"eb-post-grid-thym5\"\n            data-querydata=\"{&quot;source&quot;:&quot;docs&quot;,&quot;sourceIndex&quot;:4,&quot;rest_base&quot;:&quot;docs&quot;,&quot;rest_namespace&quot;:&quot;wp\\\/v2&quot;,&quot;author&quot;:&quot;&quot;,&quot;taxonomies&quot;:{&quot;knowledge_base&quot;:{&quot;name&quot;:&quot;Knowledge Base&quot;,&quot;rest_base&quot;:&quot;knowledge_base&quot;,&quot;rest_namespace&quot;:&quot;wp\\\/v2&quot;,&quot;slug&quot;:&quot;knowledge_base&quot;,&quot;value&quot;:&quot;[{\\&quot;value\\&quot;:100,\\&quot;label\\&quot;:\\&quot;Golarion\\&quot;}]&quot;},&quot;doc_tag&quot;:{&quot;name&quot;:&quot;Docs Tags&quot;,&quot;rest_base&quot;:&quot;doc_tag&quot;,&quot;rest_namespace&quot;:&quot;wp\\\/v2&quot;,&quot;slug&quot;:&quot;doc_tag&quot;,&quot;value&quot;:&quot;[{\\&quot;value\\&quot;:116,\\&quot;label\\&quot;:\\&quot;Golarion\\&quot;}]&quot;}},&quot;per_page&quot;:&quot;2&quot;,&quot;offset&quot;:&quot;0&quot;,&quot;orderby&quot;:&quot;date&quot;,&quot;order&quot;:&quot;desc&quot;,&quot;include&quot;:&quot;&quot;,&quot;exclude&quot;:&quot;&quot;,&quot;exclude_current&quot;:false,&quot;ignore_sticky_posts&quot;:false,&quot;exclude_password_protected&quot;:false}\"\n            data-attributes=\"{&quot;thumbnailSize&quot;:&quot;&quot;,&quot;loadMoreOptions&quot;:{&quot;totalPosts&quot;:2},&quot;showSearch&quot;:false,&quot;showTaxonomyFilter&quot;:false,&quot;enableAjaxSearch&quot;:false,&quot;addIcon&quot;:false,&quot;iconPosition&quot;:&quot;left&quot;,&quot;icon&quot;:&quot;fas fa-chevron-right&quot;,&quot;preset&quot;:&quot;style-1&quot;,&quot;defaultFilter&quot;:&quot;all&quot;,&quot;version&quot;:&quot;v2&quot;,&quot;showBlockContent&quot;:true,&quot;showFallbackImg&quot;:false,&quot;fallbackImgUrl&quot;:&quot;&quot;,&quot;showThumbnail&quot;:true,&quot;showTitle&quot;:true,&quot;titleLength&quot;:&quot;&quot;,&quot;titleTag&quot;:&quot;h2&quot;,&quot;showContent&quot;:true,&quot;contentLength&quot;:20,&quot;expansionIndicator&quot;:&quot;...&quot;,&quot;showReadMore&quot;:false,&quot;readmoreText&quot;:&quot;Read More&quot;,&quot;showMeta&quot;:true,&quot;headerMeta&quot;:&quot;[{\\&quot;value\\&quot;:\\&quot;categories\\&quot;,\\&quot;label\\&quot;:\\&quot;Categories\\&quot;}]&quot;,&quot;footerMeta&quot;:&quot;[{\\&quot;value\\&quot;:\\&quot;avatar\\&quot;,\\&quot;label\\&quot;:\\&quot;Author Avatar\\&quot;},{\\&quot;value\\&quot;:\\&quot;date\\&quot;,\\&quot;label\\&quot;:\\&quot;Published Date\\&quot;}]&quot;,&quot;authorPrefix&quot;:&quot;by&quot;,&quot;datePrefix&quot;:&quot;Skrevet den&quot;,&quot;showFeaturedPost&quot;:false,&quot;featuredPostId&quot;:&quot;&quot;,&quot;showFeaturedPostTitle&quot;:true,&quot;showFeaturedPostContent&quot;:false,&quot;showFeaturedPostMeta&quot;:true,&quot;showFeaturedHeaderMeta&quot;:true,&quot;showFeaturedFooterMeta&quot;:true,&quot;featuredMetaItems&quot;:&quot;{}&quot;,&quot;featuredExcerptLength&quot;:10}\">\n\n            \n\n            <div class=\"eb-post-grid-posts-wrapper\"><article class=\"ebpg-grid-post ebpg-post-grid-column\" data-id=\"1198\"><div class=\"ebpg-grid-post-holder\"><div class=\"ebpg-entry-wrapper\"><div class=\"ebpg-entry-media\">\n                <div class=\"ebpg-entry-thumbnail\">\n                    <a class=\"ebpg-post-link-wrapper eb-sr-only\" href=\"https:\/\/rollespill.sulkesligaen.no\/?docs=referat-andre-eventyr\">Referat: Andre Eventyr<\/a>\n                    <img fetchpriority=\"high\" decoding=\"async\" width=\"736\" height=\"664\" src=\"https:\/\/rollespill.sulkesligaen.no\/wp-content\/uploads\/2023\/10\/ustalavkart.png\" class=\"attachment-full size-full\" alt=\"\" \/>\n                <\/div>\n            <\/div><header class=\"ebpg-entry-header\">\n            <h2 class=\"ebpg-entry-title\">\n                <a class=\"ebpg-grid-post-link\" href=\"https:\/\/rollespill.sulkesligaen.no\/?docs=referat-andre-eventyr\" title=\"referat:andreeventyr\">Referat: Andre Eventyr<\/a>\n            <\/h2>\n        <\/header><div class=\"ebpg-entry-meta ebpg-header-meta\"><div class=\"ebpg-entry-meta-items\"><\/div><\/div><div class=\"ebpg-entry-content\"><div class=\"ebpg-grid-post-excerpt\">\n            <p>Referat fra v\u00e5rt andre eventyr&#8230;.<\/p>\n        <\/div><\/div><div class=\"ebpg-entry-meta ebpg-footer-meta\"><div class=\"ebpg-author-avatar\">\n            <a href=\"https:\/\/rollespill.sulkesligaen.no\/?author=2\">\n                <img decoding=\"async\" alt=\"fistersn\" src=\"https:\/\/secure.gravatar.com\/avatar\/bc28fea9a2d299a45e780a725ceaeba9a969ae7259a5493c14b990b0c758ec7e?s=96&amp;d=mm&amp;r=g\" \/>\n            <\/a>\n        <\/div><div class=\"ebpg-entry-meta-items\"><span class=\"ebpg-posted-on\">\n            Skrevet den <time dateTime=\"2023-10-21T13:07:58+01:00\">21. oktober 2023<\/time>\n        <\/span><\/div><\/div><\/div><\/div><\/article><article class=\"ebpg-grid-post ebpg-post-grid-column\" data-id=\"12\"><div class=\"ebpg-grid-post-holder\"><div class=\"ebpg-entry-wrapper\"><div class=\"ebpg-entry-media\">\n                <div class=\"ebpg-entry-thumbnail\">\n                    <a class=\"ebpg-post-link-wrapper eb-sr-only\" href=\"https:\/\/rollespill.sulkesligaen.no\/?docs=forste-eventyr\">Referat: F\u00f8rste Eventyr<\/a>\n                    <img decoding=\"async\" width=\"1068\" height=\"729\" src=\"https:\/\/rollespill.sulkesligaen.no\/wp-content\/uploads\/2023\/09\/Andoran.jpg\" class=\"attachment-full size-full\" alt=\"\" \/>\n                <\/div>\n            <\/div><header class=\"ebpg-entry-header\">\n            <h2 class=\"ebpg-entry-title\">\n                <a class=\"ebpg-grid-post-link\" href=\"https:\/\/rollespill.sulkesligaen.no\/?docs=forste-eventyr\" title=\"referat:frsteeventyr\">Referat: F\u00f8rste Eventyr<\/a>\n            <\/h2>\n        <\/header><div class=\"ebpg-entry-meta ebpg-header-meta\"><div class=\"ebpg-entry-meta-items\"><\/div><\/div><div class=\"ebpg-entry-content\"><div class=\"ebpg-grid-post-excerpt\">\n            <p>Eventyret begynner\n\n\n\n\n\n\n\n19 . Pharast 4711 \u2013 Eventyret i <a href=\"https:\/\/rollespill.sulkesligaen.no\/?docs=falcons-hollow\" data-internallinksmanager029f6b8e52c=\"17\" title=\"Falcon&#039;s Hollow\">Falcon\u2019s Hollow<\/a>\n\n\n\nEventyret v\u00e5rt begynte i <a href=\"https:\/\/rollespill.sulkesligaen.no\/?docs=falcons-hollow\" data-internallinksmanager029f6b8e52c=\"17\" title=\"Falcon&#039;s Hollow\">Falcon\u2019s Hollow<\/a>, en m\u00f8rk og ugjestmild by&#8230;<\/p>\n        <\/div><\/div><div class=\"ebpg-entry-meta ebpg-footer-meta\"><div class=\"ebpg-author-avatar\">\n            <a href=\"https:\/\/rollespill.sulkesligaen.no\/?author=1\">\n                <img decoding=\"async\" alt=\"admin\" src=\"https:\/\/secure.gravatar.com\/avatar\/2b743ddcbfc4dd282581b7862b4c4895f67b0eedd3244996fa52468a27e0c83a?s=96&amp;d=mm&amp;r=g\" \/>\n            <\/a>\n        <\/div><div class=\"ebpg-entry-meta-items\"><span class=\"ebpg-posted-on\">\n            Skrevet den <time dateTime=\"2023-09-20T12:56:57+01:00\">20. september 2023<\/time>\n        <\/span><\/div><\/div><\/div><\/div><\/article><\/div>        <\/div>\n    <\/div>\n<\/div>\n\n\n<div class=\"root-eb-post-grid-iostd wp-block-essential-blocks-post-grid\">\n    <div class=\"eb-parent-wrapper eb-parent-eb-post-grid-iostd \">\n        <div class=\"eb-post-grid-iostd style-1  eb-post-grid-wrapper\"\n            data-id=\"eb-post-grid-iostd\"\n            data-querydata=\"{&quot;source&quot;:&quot;docs&quot;,&quot;sourceIndex&quot;:2,&quot;rest_base&quot;:&quot;docs&quot;,&quot;rest_namespace&quot;:&quot;wp\\\/v2&quot;,&quot;author&quot;:&quot;&quot;,&quot;taxonomies&quot;:{&quot;knowledge_base&quot;:{&quot;name&quot;:&quot;Knowledge Base&quot;,&quot;rest_base&quot;:&quot;knowledge_base&quot;,&quot;rest_namespace&quot;:&quot;wp\\\/v2&quot;,&quot;slug&quot;:&quot;knowledge_base&quot;,&quot;value&quot;:&quot;[{\\&quot;value\\&quot;:100,\\&quot;label\\&quot;:\\&quot;Golarion\\&quot;}]&quot;}},&quot;per_page&quot;:&quot;6&quot;,&quot;offset&quot;:&quot;0&quot;,&quot;orderby&quot;:&quot;date&quot;,&quot;order&quot;:&quot;desc&quot;,&quot;include&quot;:&quot;&quot;,&quot;exclude&quot;:&quot;&quot;,&quot;exclude_current&quot;:false,&quot;ignore_sticky_posts&quot;:false}\"\n            data-attributes=\"{&quot;thumbnailSize&quot;:&quot;&quot;,&quot;loadMoreOptions&quot;:{&quot;enableMorePosts&quot;:false,&quot;loadMoreType&quot;:&quot;1&quot;,&quot;loadMoreButtonTxt&quot;:&quot;Load More&quot;,&quot;alignment&quot;:&quot;center&quot;,&quot;prevTxt&quot;:&quot;&lt;&quot;,&quot;nextTxt&quot;:&quot;&gt;&quot;,&quot;totalPosts&quot;:129},&quot;showSearch&quot;:false,&quot;showTaxonomyFilter&quot;:false,&quot;enableAjaxSearch&quot;:false,&quot;addIcon&quot;:false,&quot;iconPosition&quot;:&quot;left&quot;,&quot;icon&quot;:&quot;fas fa-chevron-right&quot;,&quot;preset&quot;:&quot;style-1&quot;,&quot;defaultFilter&quot;:&quot;all&quot;,&quot;version&quot;:&quot;v2&quot;,&quot;showBlockContent&quot;:true,&quot;showFallbackImg&quot;:false,&quot;fallbackImgUrl&quot;:&quot;&quot;,&quot;showThumbnail&quot;:true,&quot;showTitle&quot;:true,&quot;titleLength&quot;:&quot;&quot;,&quot;titleTag&quot;:&quot;h2&quot;,&quot;showContent&quot;:true,&quot;contentLength&quot;:20,&quot;expansionIndicator&quot;:&quot;...&quot;,&quot;showReadMore&quot;:false,&quot;readmoreText&quot;:&quot;Read More&quot;,&quot;showMeta&quot;:true,&quot;headerMeta&quot;:&quot;[]&quot;,&quot;footerMeta&quot;:&quot;[{\\&quot;value\\&quot;:\\&quot;date\\&quot;,\\&quot;label\\&quot;:\\&quot;Published Date\\&quot;}]&quot;,&quot;authorPrefix&quot;:&quot;by&quot;,&quot;datePrefix&quot;:&quot;Skrevet den&quot;,&quot;showFeaturedPost&quot;:false,&quot;featuredPostId&quot;:&quot;&quot;,&quot;showFeaturedPostTitle&quot;:true,&quot;showFeaturedPostContent&quot;:false,&quot;showFeaturedPostMeta&quot;:true,&quot;showFeaturedHeaderMeta&quot;:true,&quot;showFeaturedFooterMeta&quot;:true,&quot;featuredMetaItems&quot;:&quot;{}&quot;,&quot;featuredExcerptLength&quot;:10}\">\n\n            \n\n            <div class=\"eb-post-grid-posts-wrapper\"><article class=\"ebpg-grid-post ebpg-post-grid-column\" data-id=\"2164\"><div class=\"ebpg-grid-post-holder\"><div class=\"ebpg-entry-wrapper\"><div class=\"ebpg-entry-media\">\n                <div class=\"ebpg-entry-thumbnail\">\n                    <a class=\"ebpg-post-link-wrapper eb-sr-only\" href=\"https:\/\/rollespill.sulkesligaen.no\/?docs=broder-trillius-m-m\">Broder Trillius (M.M)<\/a>\n                    <img decoding=\"async\" width=\"1024\" height=\"1024\" src=\"https:\/\/rollespill.sulkesligaen.no\/wp-content\/uploads\/2025\/11\/trillius.png\" class=\"attachment-full size-full\" alt=\"\" \/>\n                <\/div>\n            <\/div><header class=\"ebpg-entry-header\">\n            <h2 class=\"ebpg-entry-title\">\n                <a class=\"ebpg-grid-post-link\" href=\"https:\/\/rollespill.sulkesligaen.no\/?docs=broder-trillius-m-m\" title=\"brodertrilliusmm\">Broder Trillius (M.M)<\/a>\n            <\/h2>\n        <\/header><div class=\"ebpg-entry-meta ebpg-header-meta\"><div class=\"ebpg-entry-meta-items\"><\/div><\/div><div class=\"ebpg-entry-content\"><div class=\"ebpg-grid-post-excerpt\">\n            <p>Basert p\u00e5 informasjonen i referatet, er <a href=\"https:\/\/rollespill.sulkesligaen.no\/?docs=broder-trillius-m-m\" data-internallinksmanager029f6b8e52c=\"55\" title=\"Broder Trillius (M.M)\">Broder Trillius<\/a> en mystisk bakmann og sannsynligvis en av hovedantagonistene i denne delen av&#8230;<\/p>\n        <\/div><\/div><div class=\"ebpg-entry-meta ebpg-footer-meta\"><div class=\"ebpg-entry-meta-items\"><span class=\"ebpg-posted-on\">\n            Skrevet den <time dateTime=\"2025-11-29T17:10:55+01:00\">29. november 2025<\/time>\n        <\/span><\/div><\/div><\/div><\/div><\/article><article class=\"ebpg-grid-post ebpg-post-grid-column\" data-id=\"2038\"><div class=\"ebpg-grid-post-holder\"><div class=\"ebpg-entry-wrapper\"><div class=\"ebpg-entry-media\">\n                <div class=\"ebpg-entry-thumbnail\">\n                    <a class=\"ebpg-post-link-wrapper eb-sr-only\" href=\"https:\/\/rollespill.sulkesligaen.no\/?docs=kurt-wurt\">Kurt Wurt<\/a>\n                    <img loading=\"lazy\" decoding=\"async\" width=\"1024\" height=\"1024\" src=\"https:\/\/rollespill.sulkesligaen.no\/wp-content\/uploads\/2025\/01\/Bilde_2025-01-28_172044798.png\" class=\"attachment-full size-full\" alt=\"\" \/>\n                <\/div>\n            <\/div><header class=\"ebpg-entry-header\">\n            <h2 class=\"ebpg-entry-title\">\n                <a class=\"ebpg-grid-post-link\" href=\"https:\/\/rollespill.sulkesligaen.no\/?docs=kurt-wurt\" title=\"kurtwurt\">Kurt Wurt<\/a>\n            <\/h2>\n        <\/header><div class=\"ebpg-entry-meta ebpg-header-meta\"><div class=\"ebpg-entry-meta-items\"><\/div><\/div><div class=\"ebpg-entry-content\"><div class=\"ebpg-grid-post-excerpt\">\n            <p>Konstabel <a href=\"https:\/\/rollespill.sulkesligaen.no\/?docs=kurt-wurt\" data-internallinksmanager029f6b8e52c=\"54\" title=\"Kurt Wurt\">Wurt<\/a> er en halfling som innehar en h\u00f8yere rang i Carrion Hills ordensmakt, og fungerer i praksis som byens&#8230;<\/p>\n        <\/div><\/div><div class=\"ebpg-entry-meta ebpg-footer-meta\"><div class=\"ebpg-entry-meta-items\"><span class=\"ebpg-posted-on\">\n            Skrevet den <time dateTime=\"2025-01-28T17:21:18+01:00\">28. januar 2025<\/time>\n        <\/span><\/div><\/div><\/div><\/div><\/article><article class=\"ebpg-grid-post ebpg-post-grid-column\" data-id=\"2034\"><div class=\"ebpg-grid-post-holder\"><div class=\"ebpg-entry-wrapper\"><div class=\"ebpg-entry-media\">\n                <div class=\"ebpg-entry-thumbnail\">\n                    <a class=\"ebpg-post-link-wrapper eb-sr-only\" href=\"https:\/\/rollespill.sulkesligaen.no\/?docs=aidona-rockbreaker\">Aidona Rockbreaker<\/a>\n                    <img loading=\"lazy\" decoding=\"async\" width=\"1024\" height=\"1024\" src=\"https:\/\/rollespill.sulkesligaen.no\/wp-content\/uploads\/2025\/01\/aidona.jpg\" class=\"attachment-full size-full\" alt=\"\" \/>\n                <\/div>\n            <\/div><header class=\"ebpg-entry-header\">\n            <h2 class=\"ebpg-entry-title\">\n                <a class=\"ebpg-grid-post-link\" href=\"https:\/\/rollespill.sulkesligaen.no\/?docs=aidona-rockbreaker\" title=\"aidonarockbreaker\">Aidona Rockbreaker<\/a>\n            <\/h2>\n        <\/header><div class=\"ebpg-entry-meta ebpg-header-meta\"><div class=\"ebpg-entry-meta-items\"><\/div><\/div><div class=\"ebpg-entry-content\"><div class=\"ebpg-grid-post-excerpt\">\n            <p><a href=\"https:\/\/rollespill.sulkesligaen.no\/?docs=aidona-rockbreaker\" data-internallinksmanager029f6b8e52c=\"52\" title=\"Aidona Rockbreaker\">Aidona Rockbreaker<\/a> er en dverg og vertshusholder som driver etablissementet The Rusty Flagon i Carrion Hill. Hun er kjent for&#8230;<\/p>\n        <\/div><\/div><div class=\"ebpg-entry-meta ebpg-footer-meta\"><div class=\"ebpg-entry-meta-items\"><span class=\"ebpg-posted-on\">\n            Skrevet den <time dateTime=\"2025-01-28T16:53:59+01:00\">28. januar 2025<\/time>\n        <\/span><\/div><\/div><\/div><\/div><\/article><article class=\"ebpg-grid-post ebpg-post-grid-column\" data-id=\"2031\"><div class=\"ebpg-grid-post-holder\"><div class=\"ebpg-entry-wrapper\"><div class=\"ebpg-entry-media\">\n                <div class=\"ebpg-entry-thumbnail\">\n                    <a class=\"ebpg-post-link-wrapper eb-sr-only\" href=\"https:\/\/rollespill.sulkesligaen.no\/?docs=vanton-heggry\">Vanton Heggry<\/a>\n                    <img loading=\"lazy\" decoding=\"async\" width=\"1024\" height=\"1024\" src=\"https:\/\/rollespill.sulkesligaen.no\/wp-content\/uploads\/2025\/01\/Bilde_2025-01-28_163232401.png\" class=\"attachment-full size-full\" alt=\"\" \/>\n                <\/div>\n            <\/div><header class=\"ebpg-entry-header\">\n            <h2 class=\"ebpg-entry-title\">\n                <a class=\"ebpg-grid-post-link\" href=\"https:\/\/rollespill.sulkesligaen.no\/?docs=vanton-heggry\" title=\"vantonheggry\">Vanton Heggry<\/a>\n            <\/h2>\n        <\/header><div class=\"ebpg-entry-meta ebpg-header-meta\"><div class=\"ebpg-entry-meta-items\"><\/div><\/div><div class=\"ebpg-entry-content\"><div class=\"ebpg-grid-post-excerpt\">\n            <p><a href=\"https:\/\/rollespill.sulkesligaen.no\/?docs=vanton-heggry\" data-internallinksmanager029f6b8e52c=\"53\" title=\"Vanton Heggry\">Vanton Heggry<\/a> er ordf\u00f8reren i Carrion Hill. Han har v\u00e6rt ved makten i lang tid og er sv\u00e6rt upopul\u00e6r blant&#8230;<\/p>\n        <\/div><\/div><div class=\"ebpg-entry-meta ebpg-footer-meta\"><div class=\"ebpg-entry-meta-items\"><span class=\"ebpg-posted-on\">\n            Skrevet den <time dateTime=\"2025-01-28T16:34:04+01:00\">28. januar 2025<\/time>\n        <\/span><\/div><\/div><\/div><\/div><\/article><article class=\"ebpg-grid-post ebpg-post-grid-column\" data-id=\"2010\"><div class=\"ebpg-grid-post-holder\"><div class=\"ebpg-entry-wrapper\"><div class=\"ebpg-entry-media\">\n                <div class=\"ebpg-entry-thumbnail\">\n                    <a class=\"ebpg-post-link-wrapper eb-sr-only\" href=\"https:\/\/rollespill.sulkesligaen.no\/?docs=jackra-hillwren\">Jackra Hillwren<\/a>\n                    <img loading=\"lazy\" decoding=\"async\" width=\"1024\" height=\"1024\" src=\"https:\/\/rollespill.sulkesligaen.no\/wp-content\/uploads\/2025\/01\/Bilde_2025-01-27_225302988.png\" class=\"attachment-full size-full\" alt=\"\" \/>\n                <\/div>\n            <\/div><header class=\"ebpg-entry-header\">\n            <h2 class=\"ebpg-entry-title\">\n                <a class=\"ebpg-grid-post-link\" href=\"https:\/\/rollespill.sulkesligaen.no\/?docs=jackra-hillwren\" title=\"jackrahillwren\">Jackra Hillwren<\/a>\n            <\/h2>\n        <\/header><div class=\"ebpg-entry-meta ebpg-header-meta\"><div class=\"ebpg-entry-meta-items\"><\/div><\/div><div class=\"ebpg-entry-content\"><div class=\"ebpg-grid-post-excerpt\">\n            <p>Gruppen m\u00f8tte <a href=\"https:\/\/rollespill.sulkesligaen.no\/?docs=jackra-hillwren\" data-internallinksmanager029f6b8e52c=\"51\" title=\"Jackra Hillwren\">Jackra Hillwren<\/a> under redningsaksjonen i <a href=\"https:\/\/rollespill.sulkesligaen.no\/?docs=fiornas-faith\" data-internallinksmanager029f6b8e52c=\"50\" title=\"Fiorna&#039;s Faith\">Fiorna\u2019s Faith<\/a>, da hun ble funnet som en av fangene i Harlo Krants&#8230;<\/p>\n        <\/div><\/div><div class=\"ebpg-entry-meta ebpg-footer-meta\"><div class=\"ebpg-entry-meta-items\"><span class=\"ebpg-posted-on\">\n            Skrevet den <time dateTime=\"2025-01-27T22:53:34+01:00\">27. januar 2025<\/time>\n        <\/span><\/div><\/div><\/div><\/div><\/article><article class=\"ebpg-grid-post ebpg-post-grid-column\" data-id=\"2006\"><div class=\"ebpg-grid-post-holder\"><div class=\"ebpg-entry-wrapper\"><div class=\"ebpg-entry-media\">\n                <div class=\"ebpg-entry-thumbnail\">\n                    <a class=\"ebpg-post-link-wrapper eb-sr-only\" href=\"https:\/\/rollespill.sulkesligaen.no\/?docs=harlo-krant\">Harlo Krant<\/a>\n                    <img loading=\"lazy\" decoding=\"async\" width=\"1024\" height=\"1024\" src=\"https:\/\/rollespill.sulkesligaen.no\/wp-content\/uploads\/2025\/01\/Bilde_2025-01-27_224650420.png\" class=\"attachment-full size-full\" alt=\"\" \/>\n                <\/div>\n            <\/div><header class=\"ebpg-entry-header\">\n            <h2 class=\"ebpg-entry-title\">\n                <a class=\"ebpg-grid-post-link\" href=\"https:\/\/rollespill.sulkesligaen.no\/?docs=harlo-krant\" title=\"harlokrant\">Harlo Krant<\/a>\n            <\/h2>\n        <\/header><div class=\"ebpg-entry-meta ebpg-header-meta\"><div class=\"ebpg-entry-meta-items\"><\/div><\/div><div class=\"ebpg-entry-content\"><div class=\"ebpg-grid-post-excerpt\">\n            <p>Gruppen har omfattende kunnskap om <a href=\"https:\/\/rollespill.sulkesligaen.no\/?docs=harlo-krant\" data-internallinksmanager029f6b8e52c=\"49\" title=\"Harlo Krant\">Harlo Krant<\/a>. Han var en handelsmann og r\u00e5dsmedlem, men har blitt avsl\u00f8rt som en zombieherre&#8230;<\/p>\n        <\/div><\/div><div class=\"ebpg-entry-meta ebpg-footer-meta\"><div class=\"ebpg-entry-meta-items\"><span class=\"ebpg-posted-on\">\n            Skrevet den <time dateTime=\"2025-01-27T22:47:48+01:00\">27. januar 2025<\/time>\n        <\/span><\/div><\/div><\/div><\/div><\/article><\/div>        <\/div>\n    <\/div>\n<\/div>\n\n\n\n<p class=\"wp-block-paragraph\"><\/p>\n","protected":false},"excerpt":{"rendered":"","protected":false},"author":1,"featured_media":0,"parent":0,"menu_order":0,"comment_status":"closed","ping_status":"closed","template":"","meta":{"_eb_attr":"","_crdt_document":"","footnotes":""},"class_list":["post-1571","page","type-page","status-publish","hentry"],"acf":[],"_links":{"self":[{"href":"https:\/\/rollespill.sulkesligaen.no\/index.php?rest_route=\/wp\/v2\/pages\/1571","targetHints":{"allow":["GET"]}}],"collection":[{"href":"https:\/\/rollespill.sulkesligaen.no\/index.php?rest_route=\/wp\/v2\/pages"}],"about":[{"href":"https:\/\/rollespill.sulkesligaen.no\/index.php?rest_route=\/wp\/v2\/types\/page"}],"author":[{"embeddable":true,"href":"https:\/\/rollespill.sulkesligaen.no\/index.php?rest_route=\/wp\/v2\/users\/1"}],"replies":[{"embeddable":true,"href":"https:\/\/rollespill.sulkesligaen.no\/index.php?rest_route=%2Fwp%2Fv2%2Fcomments&post=1571"}],"version-history":[{"count":6,"href":"https:\/\/rollespill.sulkesligaen.no\/index.php?rest_route=\/wp\/v2\/pages\/1571\/revisions"}],"predecessor-version":[{"id":2029,"href":"https:\/\/rollespill.sulkesligaen.no\/index.php?rest_route=\/wp\/v2\/pages\/1571\/revisions\/2029"}],"wp:attachment":[{"href":"https:\/\/rollespill.sulkesligaen.no\/index.php?rest_route=%2Fwp%2Fv2%2Fmedia&parent=1571"}],"curies":[{"name":"wp","href":"https:\/\/api.w.org\/{rel}","templated":true}]}}