{"id":1610,"date":"2025-01-02T19:55:04","date_gmt":"2025-01-02T18:55:04","guid":{"rendered":"https:\/\/golarion.sulkesligaen.no\/?page_id=1610"},"modified":"2025-01-02T20:42:44","modified_gmt":"2025-01-02T19:42:44","slug":"eventyr","status":"publish","type":"page","link":"https:\/\/rollespill.sulkesligaen.no\/?page_id=1610","title":{"rendered":"Eventyr"},"content":{"rendered":"<div class=\"root-eb-post-grid-5pehv wp-block-essential-blocks-post-grid\">\n    <div class=\"eb-parent-wrapper eb-parent-eb-post-grid-5pehv \">\n        <div class=\"eb-post-grid-5pehv style-1  eb-post-grid-wrapper\"\n            data-id=\"eb-post-grid-5pehv\"\n            data-querydata=\"{&quot;source&quot;:&quot;docs&quot;,&quot;sourceIndex&quot;:2,&quot;rest_base&quot;:&quot;docs&quot;,&quot;rest_namespace&quot;:&quot;wp\\\/v2&quot;,&quot;author&quot;:&quot;&quot;,&quot;taxonomies&quot;:[],&quot;per_page&quot;:&quot;6&quot;,&quot;offset&quot;:&quot;0&quot;,&quot;orderby&quot;:&quot;date&quot;,&quot;order&quot;:&quot;desc&quot;,&quot;include&quot;:&quot;[{\\&quot;value\\&quot;:1589,\\&quot;label\\&quot;:\\&quot;Eventyr i Undermountain\\&quot;},{\\&quot;value\\&quot;:1587,\\&quot;label\\&quot;:\\&quot;Dragon Heist\\&quot;},{\\&quot;value\\&quot;:1554,\\&quot;label\\&quot;:\\&quot;Phandalin og Elementer\\&quot;},{\\&quot;value\\&quot;:12,\\&quot;label\\&quot;:\\&quot;Referat: F\\u00f8rste Eventyr\\&quot;},{\\&quot;value\\&quot;:1198,\\&quot;label\\&quot;:\\&quot;Referat: Andre Eventyr\\&quot;}]&quot;,&quot;exclude&quot;:&quot;&quot;,&quot;exclude_current&quot;:false}\"\n            data-attributes=\"{&quot;thumbnailSize&quot;:&quot;&quot;,&quot;loadMoreOptions&quot;:{&quot;enableMorePosts&quot;:false,&quot;loadMoreType&quot;:&quot;1&quot;,&quot;loadMoreButtonTxt&quot;:&quot;Load More&quot;,&quot;alignment&quot;:&quot;center&quot;,&quot;prevTxt&quot;:&quot;&lt;&quot;,&quot;nextTxt&quot;:&quot;&gt;&quot;,&quot;totalPosts&quot;:5},&quot;showSearch&quot;:false,&quot;showTaxonomyFilter&quot;:false,&quot;enableAjaxSearch&quot;:false,&quot;addIcon&quot;:false,&quot;iconPosition&quot;:&quot;left&quot;,&quot;icon&quot;:&quot;fas fa-chevron-right&quot;,&quot;preset&quot;:&quot;style-1&quot;,&quot;defaultFilter&quot;:&quot;all&quot;,&quot;version&quot;:&quot;v2&quot;,&quot;showBlockContent&quot;:true,&quot;showFallbackImg&quot;:false,&quot;fallbackImgUrl&quot;:&quot;&quot;,&quot;showThumbnail&quot;:true,&quot;showTitle&quot;:true,&quot;titleLength&quot;:&quot;&quot;,&quot;titleTag&quot;:&quot;h2&quot;,&quot;showContent&quot;:true,&quot;contentLength&quot;:20,&quot;expansionIndicator&quot;:&quot;...&quot;,&quot;showReadMore&quot;:false,&quot;readmoreText&quot;:&quot;Read More&quot;,&quot;showMeta&quot;:true,&quot;headerMeta&quot;:&quot;[{\\&quot;value\\&quot;:\\&quot;categories\\&quot;,\\&quot;label\\&quot;:\\&quot;Categories\\&quot;}]&quot;,&quot;footerMeta&quot;:&quot;[{\\&quot;value\\&quot;:\\&quot;date\\&quot;,\\&quot;label\\&quot;:\\&quot;Published Date\\&quot;}]&quot;,&quot;authorPrefix&quot;:&quot;by&quot;,&quot;datePrefix&quot;:&quot;Skrevet den&quot;,&quot;showFeaturedPost&quot;:false,&quot;featuredPostId&quot;:&quot;&quot;,&quot;showFeaturedPostTitle&quot;:true,&quot;showFeaturedPostContent&quot;:false,&quot;showFeaturedPostMeta&quot;:true,&quot;showFeaturedHeaderMeta&quot;:true,&quot;showFeaturedFooterMeta&quot;:true,&quot;featuredMetaItems&quot;:&quot;{}&quot;,&quot;featuredExcerptLength&quot;:10}\">\n\n            \n\n            <div class=\"eb-post-grid-posts-wrapper\"><article class=\"ebpg-grid-post ebpg-post-grid-column\" data-id=\"1198\"><div class=\"ebpg-grid-post-holder\"><div class=\"ebpg-entry-wrapper\"><div class=\"ebpg-entry-media\">\n                <div class=\"ebpg-entry-thumbnail\">\n                    <a class=\"ebpg-post-link-wrapper eb-sr-only\" href=\"https:\/\/rollespill.sulkesligaen.no\/?docs=referat-andre-eventyr\">Referat: Andre Eventyr<\/a>\n                    <img fetchpriority=\"high\" decoding=\"async\" width=\"736\" height=\"664\" src=\"https:\/\/rollespill.sulkesligaen.no\/wp-content\/uploads\/2023\/10\/ustalavkart.png\" class=\"attachment-full size-full\" alt=\"\" \/>\n                <\/div>\n            <\/div><header class=\"ebpg-entry-header\">\n            <h2 class=\"ebpg-entry-title\">\n                <a class=\"ebpg-grid-post-link\" href=\"https:\/\/rollespill.sulkesligaen.no\/?docs=referat-andre-eventyr\" title=\"referat:andreeventyr\">Referat: Andre Eventyr<\/a>\n            <\/h2>\n        <\/header><div class=\"ebpg-entry-meta ebpg-header-meta\"><div class=\"ebpg-entry-meta-items\"><\/div><\/div><div class=\"ebpg-entry-content\"><div class=\"ebpg-grid-post-excerpt\">\n            <p>Referat fra v\u00e5rt andre eventyr&#8230;.<\/p>\n        <\/div><\/div><div class=\"ebpg-entry-meta ebpg-footer-meta\"><div class=\"ebpg-entry-meta-items\"><span class=\"ebpg-posted-on\">\n            Skrevet den <time dateTime=\"2023-10-21T13:07:58+01:00\">21. oktober 2023<\/time>\n        <\/span><\/div><\/div><\/div><\/div><\/article><article class=\"ebpg-grid-post ebpg-post-grid-column\" data-id=\"12\"><div class=\"ebpg-grid-post-holder\"><div class=\"ebpg-entry-wrapper\"><div class=\"ebpg-entry-media\">\n                <div class=\"ebpg-entry-thumbnail\">\n                    <a class=\"ebpg-post-link-wrapper eb-sr-only\" href=\"https:\/\/rollespill.sulkesligaen.no\/?docs=forste-eventyr\">Referat: F\u00f8rste Eventyr<\/a>\n                    <img decoding=\"async\" width=\"1068\" height=\"729\" src=\"https:\/\/rollespill.sulkesligaen.no\/wp-content\/uploads\/2023\/09\/Andoran.jpg\" class=\"attachment-full size-full\" alt=\"\" \/>\n                <\/div>\n            <\/div><header class=\"ebpg-entry-header\">\n            <h2 class=\"ebpg-entry-title\">\n                <a class=\"ebpg-grid-post-link\" href=\"https:\/\/rollespill.sulkesligaen.no\/?docs=forste-eventyr\" title=\"referat:frsteeventyr\">Referat: F\u00f8rste Eventyr<\/a>\n            <\/h2>\n        <\/header><div class=\"ebpg-entry-meta ebpg-header-meta\"><div class=\"ebpg-entry-meta-items\"><\/div><\/div><div class=\"ebpg-entry-content\"><div class=\"ebpg-grid-post-excerpt\">\n            <p>Eventyret begynner\n\n\n\n\n\n\n\n19 . Pharast 4711 \u2013 Eventyret i <a href=\"https:\/\/rollespill.sulkesligaen.no\/?docs=falcons-hollow\" data-internallinksmanager029f6b8e52c=\"17\" title=\"Falcon&#039;s Hollow\">Falcon\u2019s Hollow<\/a>\n\n\n\nEventyret v\u00e5rt begynte i <a href=\"https:\/\/rollespill.sulkesligaen.no\/?docs=falcons-hollow\" data-internallinksmanager029f6b8e52c=\"17\" title=\"Falcon&#039;s Hollow\">Falcon\u2019s Hollow<\/a>, en m\u00f8rk og ugjestmild by&#8230;<\/p>\n        <\/div><\/div><div class=\"ebpg-entry-meta ebpg-footer-meta\"><div class=\"ebpg-entry-meta-items\"><span class=\"ebpg-posted-on\">\n            Skrevet den <time dateTime=\"2023-09-20T12:56:57+01:00\">20. september 2023<\/time>\n        <\/span><\/div><\/div><\/div><\/div><\/article><article class=\"ebpg-grid-post ebpg-post-grid-column\" data-id=\"1587\"><div class=\"ebpg-grid-post-holder\"><div class=\"ebpg-entry-wrapper\"><div class=\"ebpg-entry-media\">\n                <div class=\"ebpg-entry-thumbnail\">\n                    <a class=\"ebpg-post-link-wrapper eb-sr-only\" href=\"https:\/\/rollespill.sulkesligaen.no\/?docs=dragon-heist\">Dragon Heist<\/a>\n                    <img decoding=\"async\" width=\"1456\" height=\"816\" src=\"https:\/\/rollespill.sulkesligaen.no\/wp-content\/uploads\/2025\/01\/u3766636152_DD_Dragon_Heist_in_Waterdeep_-ar_169_-v_6.1_5f6cfe1c-cbe7-4ceb-a678-da7e9f54924f_3.png\" class=\"attachment-full size-full\" alt=\"\" \/>\n                <\/div>\n            <\/div><header class=\"ebpg-entry-header\">\n            <h2 class=\"ebpg-entry-title\">\n                <a class=\"ebpg-grid-post-link\" href=\"https:\/\/rollespill.sulkesligaen.no\/?docs=dragon-heist\" title=\"dragonheist\">Dragon Heist<\/a>\n            <\/h2>\n        <\/header><div class=\"ebpg-entry-meta ebpg-header-meta\"><div class=\"ebpg-entry-meta-items\"><\/div><\/div><div class=\"ebpg-entry-content\"><div class=\"ebpg-grid-post-excerpt\">\n            <p>Eventyret begynner\n\n\n\nPCer\n\n\n\n\n<a href=\"https:\/\/rollespill.sulkesligaen.no\/?docs=cenric-shieldheart\" data-internallinksmanager029f6b8e52c=\"41\" title=\"Cenric Shieldheart\">Cenric Shieldheart<\/a>.\n\n\n\nEustace &laquo;Just&raquo; Owen.\n\n\n\n<a href=\"https:\/\/rollespill.sulkesligaen.no\/?docs=fad-gadget\" data-internallinksmanager029f6b8e52c=\"40\" title=\"Fad Gadget\">Fad Gadget<\/a>.\n\n\n\nRabaldur.\n\n\n\n&#8216;\n\n\n\n\n\n<a href=\"https:\/\/rollespill.sulkesligaen.no\/?docs=phyrra\" data-internallinksmanager029f6b8e52c=\"42\" title=\"Phyrra\">Phyrra<\/a>.\n\n\n\nPharius.\n\n\n\n<a href=\"https:\/\/rollespill.sulkesligaen.no\/?docs=theoprastus\" data-internallinksmanager029f6b8e52c=\"43\" title=\"Theophrastus\">Theophrastus<\/a>.\n\n\n\n\nNPCer: \n\n\n\n\nDurnan.\n\n\n\nVolo.\n\n\n\nFloon Blagmaar.\n\n\n\n\nYawning Portal og trollangrepet\n\n\n\nDet var en livlig dag p\u00e5 den velkjente kroen Yawning&#8230;<\/p>\n        <\/div><\/div><div class=\"ebpg-entry-meta ebpg-footer-meta\"><div class=\"ebpg-entry-meta-items\"><span class=\"ebpg-posted-on\">\n            Skrevet den <time dateTime=\"2020-08-03T13:28:00+01:00\">3. august 2020<\/time>\n        <\/span><\/div><\/div><\/div><\/div><\/article><article class=\"ebpg-grid-post ebpg-post-grid-column\" data-id=\"1554\"><div class=\"ebpg-grid-post-holder\"><div class=\"ebpg-entry-wrapper\"><div class=\"ebpg-entry-media\">\n                <div class=\"ebpg-entry-thumbnail\">\n                    <a class=\"ebpg-post-link-wrapper eb-sr-only\" href=\"https:\/\/rollespill.sulkesligaen.no\/?docs=phandalin-og-elementer\">Fra goblinfeller til element\u00e6rt kaos<\/a>\n                    <img loading=\"lazy\" decoding=\"async\" width=\"1300\" height=\"500\" src=\"https:\/\/rollespill.sulkesligaen.no\/wp-content\/uploads\/2025\/01\/PSX_20250102_141723.png\" class=\"attachment-full size-full\" alt=\"\" \/>\n                <\/div>\n            <\/div><header class=\"ebpg-entry-header\">\n            <h2 class=\"ebpg-entry-title\">\n                <a class=\"ebpg-grid-post-link\" href=\"https:\/\/rollespill.sulkesligaen.no\/?docs=phandalin-og-elementer\" title=\"fragoblinfellertilelementrtkaos\">Fra goblinfeller til element\u00e6rt kaos<\/a>\n            <\/h2>\n        <\/header><div class=\"ebpg-entry-meta ebpg-header-meta\"><div class=\"ebpg-entry-meta-items\"><\/div><\/div><div class=\"ebpg-entry-content\"><div class=\"ebpg-grid-post-excerpt\">\n            <p>Reisef\u00f8lget og oppdraget\n\n\n\nReisef\u00f8lget m\u00f8ttes i en lokal kro i byen Neverwinter, der de fikk et oppdrag av dvergen Gundren Steins\u00f8ker:&#8230;<\/p>\n        <\/div><\/div><div class=\"ebpg-entry-meta ebpg-footer-meta\"><div class=\"ebpg-entry-meta-items\"><span class=\"ebpg-posted-on\">\n            Skrevet den <time dateTime=\"2020-06-20T23:08:00+01:00\">20. juni 2020<\/time>\n        <\/span><\/div><\/div><\/div><\/div><\/article><article class=\"ebpg-grid-post ebpg-post-grid-column\" data-id=\"1589\"><div class=\"ebpg-grid-post-holder\"><div class=\"ebpg-entry-wrapper\"><div class=\"ebpg-entry-media\">\n                <div class=\"ebpg-entry-thumbnail\">\n                    <a class=\"ebpg-post-link-wrapper eb-sr-only\" href=\"https:\/\/rollespill.sulkesligaen.no\/?docs=eventyr-i-undermountain\">Eventyr i Undermountain<\/a>\n                    <img loading=\"lazy\" decoding=\"async\" width=\"1024\" height=\"1024\" src=\"https:\/\/rollespill.sulkesligaen.no\/wp-content\/uploads\/2025\/01\/u3766636152_DD_Undermountain_-v_6.1_780baba1-1e6f-476f-8290-516aed253e39_3.png\" class=\"attachment-full size-full\" alt=\"\" \/>\n                <\/div>\n            <\/div><header class=\"ebpg-entry-header\">\n            <h2 class=\"ebpg-entry-title\">\n                <a class=\"ebpg-grid-post-link\" href=\"https:\/\/rollespill.sulkesligaen.no\/?docs=eventyr-i-undermountain\" title=\"eventyriundermountain\">Eventyr i Undermountain<\/a>\n            <\/h2>\n        <\/header><div class=\"ebpg-entry-meta ebpg-header-meta\"><div class=\"ebpg-entry-meta-items\"><\/div><\/div><div class=\"ebpg-entry-content\"><div class=\"ebpg-grid-post-excerpt\">\n            <p>01. Juni 1493 &#8211; Nytt eventyr\n\n\n\n\n\n\n\nI Waterdeep m\u00f8ter vi prestinnen Obaya Uday, sendt fra Wakanga O&#8217;tamu, en kjent magus fra&#8230;<\/p>\n        <\/div><\/div><div class=\"ebpg-entry-meta ebpg-footer-meta\"><div class=\"ebpg-entry-meta-items\"><span class=\"ebpg-posted-on\">\n            Skrevet den <time dateTime=\"2020-06-01T13:31:00+01:00\">1. juni 2020<\/time>\n        <\/span><\/div><\/div><\/div><\/div><\/article><\/div>        <\/div>\n    <\/div>\n<\/div>\n","protected":false},"excerpt":{"rendered":"","protected":false},"author":1,"featured_media":0,"parent":0,"menu_order":0,"comment_status":"closed","ping_status":"closed","template":"","meta":{"_eb_attr":"","_crdt_document":"","footnotes":""},"class_list":["post-1610","page","type-page","status-publish","hentry"],"acf":[],"_links":{"self":[{"href":"https:\/\/rollespill.sulkesligaen.no\/index.php?rest_route=\/wp\/v2\/pages\/1610","targetHints":{"allow":["GET"]}}],"collection":[{"href":"https:\/\/rollespill.sulkesligaen.no\/index.php?rest_route=\/wp\/v2\/pages"}],"about":[{"href":"https:\/\/rollespill.sulkesligaen.no\/index.php?rest_route=\/wp\/v2\/types\/page"}],"author":[{"embeddable":true,"href":"https:\/\/rollespill.sulkesligaen.no\/index.php?rest_route=\/wp\/v2\/users\/1"}],"replies":[{"embeddable":true,"href":"https:\/\/rollespill.sulkesligaen.no\/index.php?rest_route=%2Fwp%2Fv2%2Fcomments&post=1610"}],"version-history":[{"count":5,"href":"https:\/\/rollespill.sulkesligaen.no\/index.php?rest_route=\/wp\/v2\/pages\/1610\/revisions"}],"predecessor-version":[{"id":1619,"href":"https:\/\/rollespill.sulkesligaen.no\/index.php?rest_route=\/wp\/v2\/pages\/1610\/revisions\/1619"}],"wp:attachment":[{"href":"https:\/\/rollespill.sulkesligaen.no\/index.php?rest_route=%2Fwp%2Fv2%2Fmedia&parent=1610"}],"curies":[{"name":"wp","href":"https:\/\/api.w.org\/{rel}","templated":true}]}}